{"id":392,"date":"2021-10-14T15:58:49","date_gmt":"2021-10-14T15:58:49","guid":{"rendered":"https:\/\/centredetravaillaro.com\/services\/"},"modified":"2021-11-09T21:31:47","modified_gmt":"2021-11-09T21:31:47","slug":"services","status":"publish","type":"page","link":"https:\/\/centredetravaillaro.com\/en\/services\/","title":{"rendered":"Services"},"content":{"rendered":"\n<h1>\n\t\tSERVICES\n\t<\/h1>\n\t\t\t<h5>SERVICES<\/h5><h2>Assemblage et reliure<\/h2>\n\t\t\t\t<p>Avec notre centaine d&#8217;employ\u00e9s qualifi\u00e9s, nous sommes en mesure de vous offrir un service de reliure impeccable, professionnel et complet. Toujours soucieux de r\u00e9pondre \u00e0 vos besoins les plus diversifi\u00e9s, nous nous pr\u00e9occupons de moderniser nos \u00e9quipements et de demeurer ainsi \u00e0 la fine pointe de la technologie.<\/p>\n<a href=\"https:\/\/centredetravaillaro.com\/services\/assemblage-et-reliure\/\" target=\"_self\" rel=\"noopener\">En savoir plus<\/a>\t\t\t \n\t\t\t<h5>SERVICES<\/h5><h2>Emballage et manutention<\/h2>\n\t\t\t\t<p>Au Centre de Travail LARO, nous sommes en mesure de vous offrir un service d&#8217;emballage et de manutention de mat\u00e9riel \u00e0 la hauteur de vos attentes et de vos besoins. Toujours soucieux de r\u00e9pondre \u00e0 vos besoins les plus diversifi\u00e9s, nous sommes \u00e0 votre disposition pour r\u00e9pondre \u00e0 la plupart de vos demandes et pour faire le travail.<\/p>\n<a href=\"https:\/\/centredetravaillaro.com\/services\/emballage-manutention\/\" target=\"_self\" rel=\"noopener\">En savoir plus<\/a>\t\t\t \n\t\t\t<h5>SERVICES<\/h5><h2>Mise \u00e0 la poste<\/h2>\n\t\t\t\t<p>Les services de mise \u00e0 la poste du Centre de Travail LARO comprennent plusieurs \u00e9tapes et services \u00e0 partir du traitement de bases de donn\u00e9es \u00e0 la mise \u00e0 la poste. Pour en apprendre davantage sur nos services de pr\u00e9paration postale, n&#8217;h\u00e9sitez pas \u00e0 consulter notre page de services et \u00e0 nous contacter.<\/p>\n<a href=\"https:\/\/centredetravaillaro.com\/services\/services-mise-a-la-poste\/\" target=\"_self\" rel=\"noopener\">En savoir plus<\/a>\t\t\t \n\t\t\t<h5>SERVICES D&#8217;APPOINT<\/h5><h2>Menuiserie, etc&#8230;<\/h2>\n\t\t\t\t<p>Nous offrons quelques service d&#8217;appoint, vous offrant des produits et services auxquels vous n&#8217;auriez peut-\u00eatre pas pens\u00e9s. Pour en savoir plus sur ce que nous pouvons faire pour vous et votre entreprise, visiter notre page services ou contactez-nous pour plus de de renseignements d\u00e8s maintenant.<\/p>\n<a href=\"https:\/\/centredetravaillaro.com\/services\/services-mise-a-la-poste\/\" target=\"_self\" rel=\"noopener\">En savoir plus<\/a>\t\t\t \n\t\t\t<h5>POINTS DE SERVICE<\/h5><h2>Kiosques Loto-Qu\u00e9bec<\/h2>\n\t\t\t\t<p>Nous sommes gestionnaires de trois (3) kiosques de loterie Loto-Qu\u00e9bec. Tous sont situ\u00e9s dans des endroits strat\u00e9giques de la r\u00e9gion. Venez nous visiter \u00e0 un de nos points de service, il nous fera plaisir de bien vous servir !<\/p>\n<a href=\"https:\/\/centredetravaillaro.com\/services\/services-mise-a-la-poste\/\" target=\"_self\" rel=\"noopener\">En savoir plus<\/a>\t\t\t \n\t\t\t\t\t<img decoding=\"async\" src=\"https:\/\/i.ytimg.com\/vi\/FQJtUFTbz4E\/maxresdefault.jpg\"\/>\n\t\t<h3>Do you need our services ?<\/h3>\n\t\t\t\t<p>If you are ready to submit a project or do business with us for your assembly and binding needs as well as any other services offered, contact us today and we will be happy to provide you with a quote for the services you require.<\/p>\n\t\t\t<a href=\"https:\/\/centredetravaillaro.com\/en\/contact\/\" target=\"_self\" role=\"button\" aria-label=\"Contact Us\" rel=\"noopener\">\n\t\t\t\t\t\t\tContact Us\n\t\t<\/a>\n\t\t\t<h5>JOB OPPORTUNITIES<\/h5><h3>Join our team !<\/h3>\n\t\t\t\t<p>The CENTRE DE TRAVAIL LARO currently employs around 100 people, including people with functional limitations. We seek to develop suitable, sustainable, quality and rewarding jobs for these people in our community. Are you interested in working with us, so contact us today!<\/p>\n\t\t\t<a href=\"https:\/\/centredetravaillaro.com\/en\/job-opportunities\/\" target=\"_self\" role=\"button\" aria-label=\"Job Opportunities\" rel=\"noopener\">\n\t\t\t\t\t\t\tJob Opportunities\n\t\t<\/a>\n\t\t\t\t<img decoding=\"async\" src=\"https:\/\/centredetravaillaro.com\/wp-content\/uploads\/2021\/10\/logo-clean-cta-laro.png\" alt=\"logo-clean-cta-laro\" title=\"logo-clean-cta-laro\" itemprop=\"image\"  \/>\n\t\t\t<h5>CENTRE DE TRAVAIL LARO<\/h5>\t\t\t\n\t\t\t\t<p>179, rue Deveault<br \/>Gatineau, Qu\u00e9bec<br \/>J8Z 1S7<\/p>\n<a href=\"tel:+18197706434\" target=\"_self\" rel=\"noopener\">Call Us 819-770-6434<\/a>\t\t\t \n\t<iframe src=\"https:\/\/www.google.com\/maps\/embed\/v1\/place?q=Centre+de+travail+Laro%0A179+rue+Deveault%2C+Gatineau%2C+Qu%C3%A9bec%2C+J8Z+1S7&#038;key=AIzaSyD09zQ9PNDNNy9TadMuzRV_UsPUoWKntt8\" aria-hidden=\"true\"><\/iframe>\n<h5>\n\t\tOpening Hours\n\t<\/h5>\n\t\t\t\t Monday\t\t\t\t\n\t\t\t\t 8:00 am to 4:30 pm\t\t\t\t\n\t\t\t\t Tuesday\t\t\t\t\n\t\t\t\t 8:00 am to 4:30 pm\t\t\t\t\n\t\t\t\t Wednesday\t\t\t\t\n\t\t\t\t 8:00 am to 4:30 pm\t\t\t\t\n\t\t\t\t Thursday\t\t\t\t\n\t\t\t\t 8:00 am to 4:30 pm\t\t\t\t\n\t\t\t\t Friday\t\t\t\t\n\t\t\t\t 8:00 am to 4:30 pm\t\t\t\t\n\t\t\t\t Saturday\t\t\t\t\n\t\t\t\t Closed\t\t\t\t\n\t\t\t\t Sunday\t\t\t\t\n\t\t\t\t Closed\t\t\t\t\n\n","protected":false},"excerpt":{"rendered":"<p>SERVICES SERVICES Assemblage et reliure Avec notre centaine d&#8217;employ\u00e9s qualifi\u00e9s, nous sommes en mesure de vous offrir un service de reliure impeccable, professionnel et complet. Toujours soucieux de r\u00e9pondre \u00e0 vos besoins les plus diversifi\u00e9s, nous nous pr\u00e9occupons de moderniser nos \u00e9quipements et de demeurer ainsi \u00e0 la fine pointe de la technologie. En savoir &hellip;<\/p>\n<p class=\"read-more\"> <a class=\"\" href=\"https:\/\/centredetravaillaro.com\/en\/services\/\"> <span class=\"screen-reader-text\">Services<\/span> Read More &raquo;<\/a><\/p>\n","protected":false},"author":1,"featured_media":0,"parent":0,"menu_order":0,"comment_status":"closed","ping_status":"closed","template":"","meta":{"site-sidebar-layout":"default","site-content-layout":"default","ast-site-content-layout":"","site-content-style":"default","site-sidebar-style":"default","ast-global-header-display":"","ast-banner-title-visibility":"","ast-main-header-display":"","ast-hfb-above-header-display":"","ast-hfb-below-header-display":"","ast-hfb-mobile-header-display":"","site-post-title":"disabled","ast-breadcrumbs-content":"","ast-featured-img":"","footer-sml-layout":"","theme-transparent-header-meta":"default","adv-header-id-meta":"","stick-header-meta":"","header-above-stick-meta":"","header-main-stick-meta":"","header-below-stick-meta":"","astra-migrate-meta-layouts":"","ast-page-background-enabled":"default","ast-page-background-meta":{"desktop":{"background-color":"","background-image":"","background-repeat":"repeat","background-position":"center center","background-size":"auto","background-attachment":"scroll","background-type":"","background-media":"","overlay-type":"","overlay-color":"","overlay-gradient":""},"tablet":{"background-color":"","background-image":"","background-repeat":"repeat","background-position":"center center","background-size":"auto","background-attachment":"scroll","background-type":"","background-media":"","overlay-type":"","overlay-color":"","overlay-gradient":""},"mobile":{"background-color":"","background-image":"","background-repeat":"repeat","background-position":"center center","background-size":"auto","background-attachment":"scroll","background-type":"","background-media":"","overlay-type":"","overlay-color":"","overlay-gradient":""}},"ast-content-background-meta":{"desktop":{"background-color":"var(--ast-global-color-5)","background-image":"","background-repeat":"repeat","background-position":"center center","background-size":"auto","background-attachment":"scroll","background-type":"","background-media":"","overlay-type":"","overlay-color":"","overlay-gradient":""},"tablet":{"background-color":"var(--ast-global-color-5)","background-image":"","background-repeat":"repeat","background-position":"center center","background-size":"auto","background-attachment":"scroll","background-type":"","background-media":"","overlay-type":"","overlay-color":"","overlay-gradient":""},"mobile":{"background-color":"var(--ast-global-color-5)","background-image":"","background-repeat":"repeat","background-position":"center center","background-size":"auto","background-attachment":"scroll","background-type":"","background-media":"","overlay-type":"","overlay-color":"","overlay-gradient":""}},"footnotes":""},"class_list":["post-392","page","type-page","status-publish","hentry"],"_links":{"self":[{"href":"https:\/\/centredetravaillaro.com\/en\/wp-json\/wp\/v2\/pages\/392","targetHints":{"allow":["GET"]}}],"collection":[{"href":"https:\/\/centredetravaillaro.com\/en\/wp-json\/wp\/v2\/pages"}],"about":[{"href":"https:\/\/centredetravaillaro.com\/en\/wp-json\/wp\/v2\/types\/page"}],"author":[{"embeddable":true,"href":"https:\/\/centredetravaillaro.com\/en\/wp-json\/wp\/v2\/users\/1"}],"replies":[{"embeddable":true,"href":"https:\/\/centredetravaillaro.com\/en\/wp-json\/wp\/v2\/comments?post=392"}],"version-history":[{"count":4,"href":"https:\/\/centredetravaillaro.com\/en\/wp-json\/wp\/v2\/pages\/392\/revisions"}],"predecessor-version":[{"id":438,"href":"https:\/\/centredetravaillaro.com\/en\/wp-json\/wp\/v2\/pages\/392\/revisions\/438"}],"wp:attachment":[{"href":"https:\/\/centredetravaillaro.com\/en\/wp-json\/wp\/v2\/media?parent=392"}],"curies":[{"name":"wp","href":"https:\/\/api.w.org\/{rel}","templated":true}]}}